{"id":124,"date":"2024-05-02T10:07:44","date_gmt":"2024-05-02T08:07:44","guid":{"rendered":"https:\/\/www.xolgrimm.de\/homepage\/?page_id=124"},"modified":"2026-02-14T16:16:34","modified_gmt":"2026-02-14T15:16:34","slug":"regeln","status":"publish","type":"page","link":"https:\/\/www.xolgrimm.de\/?page_id=124","title":{"rendered":"Regeln"},"content":{"rendered":"<h3><strong><span style=\"font-size: 24pt;\">Allgemeine Community Regeln:<\/span><\/strong><\/h3>\n<h4><span style=\"font-size: 16pt;\">1. Datenschutz<\/span><\/h4>\n<p><span style=\"font-size: 12pt;\">Recht an der eigenen Stimme: Wer Discord nutzt und\/oder mit uns spielt, muss damit rechnen, dass eventuell Tonaufnahmen und Videoaufnahmen gemacht werden (z.B. im Stream,  oder in Youtube-Videos zu h\u00f6ren )<\/span><\/p>\n<p><span style=\"font-size: 12pt;\">Tritts du diesem Discord bei, stimmst du den Regeln usw. zu.<\/span><\/p>\n<p><span style=\"font-size: 12pt;\">Wenn Du Discord und unseren Servern beitritts, gehen Wir davon aus, dass von <b>minderj\u00e4hrige<\/b> die Einverst\u00e4ndnis, von mind. einem Erziehungsberechtigten, gegeben ist.<\/span><\/p>\n<p><\/p>\n<h4><span style=\"font-size: 16pt;\">2. Zivilisierter Umgang<\/span><\/h4>\n<p><span style=\"font-size: 12pt;\">Von allen Community Mitglieder wird ein respektvoller und freundlicher Umgang miteinander erwartet. Das bedeute:<br \/>Keine Beleidigungen, Verunglimpfung oder Verleumdungen in jeglicher Art und Weise.<br \/>Lasst euch gegenseitig ausreden. Selbstverst\u00e4ndlich gilt das auch anderen Communities gegen\u00fcber.<\/span><\/p>\n<p><\/p>\n<h4><span style=\"font-size: 16pt;\">3. Aufnahmen \/ Streamen<\/span><\/h4>\n<p><span style=\"font-size: 12pt;\">Nicht genehmigte Aufnahmen \/ Streams f\u00fchren automatisch zum Bann.<\/span><\/p>\n<p><span style=\"font-size: 12pt;\">Aufnahmen und Steams sind nach <u><a href=\"https:\/\/www.xolgrimm.de\/wsc\/index.php?user-group-list\/\">Bewerbung<\/a><\/u> im Forum und Freigabe durch das Team gestattet.<\/span><\/p>\n<p><span style=\"font-size: 12pt;\">Zu erkennen an den Rollen in Discord und im Forum.<\/span><\/p>\n<p><span style=\"font-size: 12pt;\">Im Forum sind alle Personen zus\u00e4tzlich hinterlegt, die Aufnahmen und Streams machen d\u00fcrfen.<\/span><\/p>\n<p><span style=\"font-size: 12pt;\">Wichtig! Es werden zum Streamen\/Aufnehmen von Videos o.\u00e4. bitte nur noch die Streamingchannels (Kan\u00e4le) genutzt.<\/span><\/p>\n<p><span style=\"font-size: 12pt;\">Jeder Nutzer dieser Channels (Kan\u00e4le) und der Wartebereiche stimmt mit dem Betreten automatisch zu, dass seine Stimme ver\u00f6ffentlicht wird oder werden k\u00f6nnte!<\/span><\/p>\n<p><span style=\"font-size: 12pt;\">Teammitglieder erhalten automatisch das Recht f\u00fcr Aufnahmen und Streams.<\/span><\/p>\n<p><\/p>\n<h4><span style=\"font-size: 16pt;\">4. Jugendschutz<\/span><\/h4>\n<p><span style=\"font-size: 12pt;\">Achtet bei Gespr\u00e4chen auf eine nicht jugendgef\u00e4hrdende Sprache. Vor allem wenn Jugendliche anwesend sind.<\/span><\/p>\n<p><span style=\"font-size: 12pt;\">Da wir der Auffassung sind das Minderj\u00e4hrige ihren Schlaf brauchen, haben diese (falls sie j\u00fcnger als 16 sind) den Sprach-Chat und die Game-Server um 0.00 Uhr selbstst\u00e4ndig zu verlassen.<\/span><\/p>\n<p><span style=\"font-size: 12pt;\">Sollte dem nicht Folge geleistet werden, wird das Team den jeweiligen Nutzer bis zum n\u00e4chsten Morgen von den Servern entfernen!<\/span><\/p>\n<p><span style=\"font-size: 12pt;\">Bei allen Anderen gehen wir davon aus, dass Sie selbstst\u00e4ndig wissen wann es f\u00fcr Sie Zeit ist die Server zu verlassen.<\/span><\/p>\n<p><span style=\"font-size: 12pt;\">Wenn Du Discord und unseren Servern beitritts, gehen Wir davon aus, dass von <b>minderj\u00e4hrige<\/b> die Einverst\u00e4ndnis, von mind. einem Erziehungsberechtigten, gegeben ist.<\/span><\/p>\n<p><\/p>\n<h4><span style=\"font-size: 16pt;\">5. Team-Mitglieder<\/span><\/h4>\n<p><span style=\"font-size: 12pt;\">Team-Mitglieder sind Admins, Moderatoren und MC-Techniker.<\/span><\/p>\n<p><span style=\"font-size: 12pt;\">Die Mitglieder des Xolgrimm Teams sind im Discord an Ihren Rollen, im Forum am Banner und in Mumble am Pr\u00e4fix zu erkennen.<\/span><\/p>\n<p><span style=\"font-size: 12pt;\">Bei Unklarheiten und Streitigkeiten hat das Team das letzte Wort.<\/span><\/p>\n<p><span style=\"font-size: 12pt;\">Die Team-Mitglieder sind eure Ansprechpartner f\u00fcr Fragen bez\u00fcglich der aktuell gespielten Spiele. Bitte beachtet, dass Wir nicht der Support von den Spielen sind.<\/span><\/p>\n<p><\/p>\n<h4><span style=\"font-size: 16pt;\">6. Spiel Regeln<\/span><\/h4>\n<p><span style=\"font-size: 12pt;\">Grunds\u00e4tzlich gilt bei uns f\u00fcr alle Spiele: keine Spielmanipulationen die das Spielerlebnis f\u00fcr einzelne beeintr\u00e4chtigen oder sogar zerst\u00f6ren.<\/span><\/p>\n<p><span style=\"font-size: 12pt;\">Darunter fallen auch Cheats sowie nicht offizielle Plugins und Erweiterungen.<\/span><\/p>\n<p><span style=\"font-size: 12pt;\">Einzelne Spiele haben dabei ihre speziellen Regeln, die das ganze genauer definieren.<\/span><\/p>\n<p><\/p>\n<h4><span style=\"font-size: 16pt;\">7. Forum Aktivit\u00e4t<\/span><\/h4>\n<p><span style=\"font-size: 12pt;\">Im Forum, werden s\u00e4mtliche wichtigen Informationen bereitgehalten. Wie zum Beispiel die Login Daten f\u00fcr die Server.<\/span><\/p>\n<p><span style=\"font-size: 12pt;\">Es werden auch wichtige Informationen f\u00fcr Euch bereitgehalten.<\/span><\/p>\n<p><span style=\"font-size: 12pt;\">Als auch in den Beitr\u00e4gen diskutieren. Schaut einfach regelm\u00e4\u00dfig ins Forum um wichtige Informationen zu erhalten.<\/span><\/p>\n<p><\/p>\n<h4><span style=\"font-size: 16pt;\">8. Sanktionen<\/span><\/h4>\n<p><span style=\"font-size: 12pt;\">Sanktionen, wie zeitlich begrenzte oder unbegrenzte Banns von einzelnen Servern bis zum Community rauswurf.<\/span><\/p>\n<p><span style=\"font-size: 12pt;\">Werden nur durch das Team verh\u00e4ngt und in einem Gespr\u00e4ch direkt mitgeteilt.<\/span><\/p>\n<p><\/p>\n<h4><span style=\"font-size: 16pt;\">9. Weitergabe von Login Daten<\/span><\/h4>\n<p><span style=\"font-size: 12pt;\">Die Verbreitung von jeglicher Anmeldedaten, egal ob Forum oder den Servern ist untersagt! Und f\u00fchrt automatisch zum Ausschluss aus der Community.<\/span><\/p>\n<p><\/p>\n<h4><span style=\"font-size: 16pt;\">10. Community-Mitglied werden<\/span><\/h4>\n<p><span style=\"font-size: 12pt;\">Um Mitglied der Community werden zu k\u00f6nnen, musst Du Dich <u>hier<\/u> im Forum registrieren.<br \/><\/span><\/p>\n<hr>\n<p><\/p>\n<h2><span style=\"font-size: 24pt;\"><strong>Minecraft:<\/strong><\/span><\/h2>\n<p><span style=\"color:#FF0000;\">G\u00e4ste sind willkommen, aber mitspielen ist nur als Community-Mitglied m\u00f6glich!<\/span><\/p>\n<p><span style=\"font-size: 12pt;\"><u>Spielregeln:<\/u><\/span><\/p>\n<p><span style=\"font-size: 12pt;\"><\/p>\n<p>#1 &#8211; H\u00f6r auf das <a href=\"https:\/\/www.xolgrimm.de\/wsc\/index.php?team\/\">Team<\/a>, Sie wissen es am besten.<\/p>\n<p>#2 &#8211; Griefing:<br \/>\n#2a &#8211; Zerst\u00f6rung und Diebstahl jeglicher Art ist strengstens untersagt. (Gilt auch bei PvP)<\/p>\n<p>#2b &#8211; Kisten, \u00d6fen, Rahmen, R\u00fcstungsst\u00e4nder etc. fremder Spieler sind ausschlie\u00dflich mit Erlaubnis ebendieser zu \u00f6ffnen \/ zu verwenden, auch wenn sie nicht gesichert sind.<\/p>\n<p>#2c &#8211; Feldfr\u00fcchte (Weizen, Melonen, Netherwarzen, etc.) d\u00fcrfen \u00fcberall und jederzeit geerntet werden, solange umgehend nachgepflanzt wird und es nicht explizit verboten wurde (z.B durch mind. ein Schild am Feld)<\/p>\n<p>#3 &#8211; Baue NICHT bei anderen rum, wenn Du helfen willst, frage.<\/p>\n<p>#4 &#8211; Bauen<br \/>\n#4a &#8211; Dreck-Bunker, Cobblestone-Kl\u00f6tze, 1\u00d71-T\u00fcrme und dergleichen, sind sofort nach der Verwendung zu entfernen.<br \/>\n#4b &#8211; Mining sowie gro\u00dfe Materialbeschaffungen sind ausschlie\u00dflich in der Farmwelt gestattet. Etwas deutlicher: Grabungen in der Freebuild-Welt sind nur f\u00fcr Bauzwecke erlaubt!<br \/>\n#4c &#8211; B\u00e4ume werden immer komplett abgeholzt. (Gilt auch f\u00fcr die Pilzb\u00e4ume im Nether!)<br \/>\n#4d &#8211; Deine Bauewerke sollten mindestens 6 Chunks vom N\u00e4chsten Bahnhof enterfent sein!<br \/>\n#4e &#8211; Deine Bauwerke sollten per Weg erreichbar sein. Dazu sind \u00fcber die Welt einzelne Bahnh\u00f6fe errichtet worden.<\/p>\n<p>#6 &#8211; Bediene Dich <u>nicht nur<\/u> am Lager!<\/p>\n<p>#7a &#8211; Spielerfallen, Chunkloader, AFK-, XP- &amp; Auto-Farmen sind verboten! Au\u00dfer sie wurden durch das Team gebaut und dienen dem Servererhalt.<br \/>\n#7b &#8211; Itemfarm (Felder) sind nur bis zu einer Gr\u00f6\u00dfe von 8&#215;8 pro Sorte zul\u00e4ssig. (Teilautomatisiert)<br \/>\n#7c &#8211; Itemfarm (Mobs) sind nur bis zu einer Gr\u00f6\u00dfe von 10 pro Art zul\u00e4ssig. Kurzfristig (bis Logout) kann auch auf 20 erh\u00f6ht werden.<br \/>\n#7d &#8211; max 15 Dorfbewohner\/H\u00e4ndler sind in einem Handelsposten zul\u00e4ssig. Es sind nur Handelsposten bei den Bahnh\u00f6fen erlaubt (max. 1). Dieser soll im Radius von 100 Bl\u00f6cke liegen. Andere Handelsposten sind nicht zul\u00e4ssig.<br \/>\n#7e &#8211; Au\u00dfnahmen der Regeln #7b &amp; #7c werden nur durch das Team genehmigt!<\/p>\n<p>#8 &#8211; Melde Fehlverhalten im Forum oder Teammitgliedern.<\/p>\n<p>#9 &#8211; Das Nutzen jeglicher \u201eHack Clients\u201c und visueller Vorteile ist strengstens verboten.<\/p>\n<p>#10 &#8211; Unf\u00e4lle k\u00f6nnen passieren, sag dem Team bescheid, falls Du etwas wichtiges zerst\u00f6rt hast.<\/p>\n<p>#11 &#8211; Es ist verboten den AFK-Timeout zu umgehen!<\/p>\n<p><\/p>\n<p><span style=\"font-size: 12pt;\"><u>Plug-Ins und Ressourcen-Parks<\/u><u>:<\/u><\/p>\n<p>Grunds\u00e4tzlich gilt: Alles was nicht direkt \/ automatisch in das Spielgeschehen eingreift ist <span style=\"color:rgb(0,128,0);\">erlaubt<\/span>.<br \/>\nRessource-Packs wie X-Ray oder Mods die dir einen unfairen Vorteil verschaffen sind <span style=\"color:rgb(139,0,0);\">verboten<\/span>.<\/span><\/p>\n<h2>Folgende Daten werden auf dem Server-Netzwerk erhoben<\/h2>\n<li>IP-Adressen eines Spielers nach \u00a725  TTDSG, ggf. \u00a7185, \u00a7187, \u00a7184b oder \u00a7263 StGB, und<br \/>\n                    ggf. Art. 6 Abs. 1 lit.f DSGVO oder \u00a7 24 BDSG\n                <\/li>\n<li>Name &#038; UUID des Accounts gem\u00e4\u00df Art.6 Abs. 1 lit.f DSGVO oder \u00a7 24 BDSG<\/li>\n<li>Chatlogs gem\u00e4\u00df Art.6 Abs. 1 lit.f DSGVO oder \u00a7 24 BDSG<\/li>\n<li>Datum und Uhrzeit des Logins und Logouts gem\u00e4\u00df Art. 6 Abs. 1 lit.f DSGVO oder \u00a7 24 BDSG<\/li>\n<li class=\"rule\">Spielerdaten (Enderchest, Inventar, etc.) gem\u00e4\u00df Art. 6 Abs. 1 lit.f DSVGO oder \u00a7 24 BDSG<\/li>\n","protected":false},"excerpt":{"rendered":"<p>Allgemeine Community Regeln: 1. Datenschutz Recht an der eigenen Stimme: Wer Discord nutzt und\/oder mit uns spielt, muss damit rechnen, dass eventuell Tonaufnahmen und Videoaufnahmen gemacht werden (z.B. im Stream, oder in Youtube-Videos zu h\u00f6ren ) Tritts du diesem Discord bei, stimmst du den Regeln usw. zu. Wenn Du Discord und unseren Servern beitritts, gehen [&hellip;]<\/p>\n","protected":false},"author":2,"featured_media":0,"parent":0,"menu_order":0,"comment_status":"closed","ping_status":"closed","template":"","meta":{"saved_in_kubio":false,"jetpack_post_was_ever_published":false,"footnotes":""},"class_list":["post-124","page","type-page","status-publish","hentry"],"kubio_ai_page_context":{"short_desc":"","purpose":"general"},"jetpack-related-posts":[],"jetpack_likes_enabled":false,"jetpack_sharing_enabled":false,"jetpack_shortlink":"https:\/\/wp.me\/PfJYst-20","_links":{"self":[{"href":"https:\/\/www.xolgrimm.de\/index.php?rest_route=\/wp\/v2\/pages\/124","targetHints":{"allow":["GET"]}}],"collection":[{"href":"https:\/\/www.xolgrimm.de\/index.php?rest_route=\/wp\/v2\/pages"}],"about":[{"href":"https:\/\/www.xolgrimm.de\/index.php?rest_route=\/wp\/v2\/types\/page"}],"author":[{"embeddable":true,"href":"https:\/\/www.xolgrimm.de\/index.php?rest_route=\/wp\/v2\/users\/2"}],"replies":[{"embeddable":true,"href":"https:\/\/www.xolgrimm.de\/index.php?rest_route=%2Fwp%2Fv2%2Fcomments&post=124"}],"version-history":[{"count":3,"href":"https:\/\/www.xolgrimm.de\/index.php?rest_route=\/wp\/v2\/pages\/124\/revisions"}],"predecessor-version":[{"id":187,"href":"https:\/\/www.xolgrimm.de\/index.php?rest_route=\/wp\/v2\/pages\/124\/revisions\/187"}],"wp:attachment":[{"href":"https:\/\/www.xolgrimm.de\/index.php?rest_route=%2Fwp%2Fv2%2Fmedia&parent=124"}],"curies":[{"name":"wp","href":"https:\/\/api.w.org\/{rel}","templated":true}]}}